{"id":1921,"date":"2015-07-01T09:10:17","date_gmt":"2015-07-01T07:10:17","guid":{"rendered":"http:\/\/www.dalaleostore.com\/?page_id=1921"},"modified":"2019-02-23T16:18:20","modified_gmt":"2019-02-23T16:18:20","slug":"privacy","status":"publish","type":"page","link":"https:\/\/dalaleo.com\/it\/privacy\/","title":{"rendered":"Informativa sulla privacy"},"content":{"rendered":"<p><b>Informativa sulla privacy ai sensi dell\u2019art 13 del D.Lgs. 196\/2003 e del Regolamento UE sulla protezione dei dati (GDPR, General Data Protection Regulation UE 2016\/679)<\/b><\/p>\n<p>In questa pagina si descrivono le modalit\u00e0 di gestione del sito web www.dalaleo.com da parte di Dalaleo srl, in riferimento al trattamento dei dati personali degli utenti che lo consultano. Si tratta di un&#8217;informativa che \u00e8 resa ai sensi dell&#8217;art. 13 del Decreto Legislativo n. 196 del 30 giugno 2003 (<em>nel seguito indicato come Codice sulla privacy<\/em>) e del Regolamento UE sulla protezione dei dati (GDPR, General Data Protection Regulation UE 2016\/679) a coloro che interagiscono con i servizi web di Dalaleo srl, accessibili per via telematica a partire dall&#8217;indirizzo: <strong>www.dalaleo.com<\/strong> corrispondente alla pagina iniziale del sito ufficiale di Dalaleo srl.<\/p>\n<p>L&#8217;informativa \u00e8 resa solo per il sito web in oggetto e non anche per altri siti web eventualmente consultati dall&#8217;utente tramite link.<\/p>\n<p>L&#8217;informativa si ispira anche a:<\/p>\n<ul>\n<li>le Delibere del Garante della Privacy;<\/li>\n<li>la Raccomandazione n. 2\/2001 che le autorit\u00e0 europee per la protezione dei dati personali, riunite nel Gruppo istituito dall&#8217;art. 29 della direttiva n. 95\/46\/CE , hanno adottato il 17 maggio 2001 per individuare alcuni requisiti minimi per la raccolta di dati personali on-line, e, in particolare, le modalit\u00e0, i tempi e la natura delle informazioni che i titolari del trattamento devono fornire agli utenti quando questi si collegano a pagine web, indipendentemente dagli scopi del collegamento.<\/li>\n<\/ul>\n<h4>Titolare del trattamento<\/h4>\n<p>A seguito della consultazione di questo sito possono essere trattati dati relativi a persone identificate o identificabili.<br \/>\nIl Titolare del loro trattamento \u00e8 Dalaleo srl.<\/p>\n<h4>Modifiche a questa privacy policy<\/h4>\n<p>Il Titolare del Trattamento si riserva il diritto di apportare modifiche alla presente privacy policy in qualunque momento dandone pubblicit\u00e0 agli Utenti su questa pagina. Si prega dunque di consultare spesso questa pagina, prendendo come riferimento la data di ultima modifica indicata in fondo. Nel caso di mancata accettazione delle modifiche apportate alla presente privacy policy, l\u2019Utente \u00e8 tenuto a cessare l\u2019utilizzo di questa Applicazione e pu\u00f2 richiedere al Titolare del Trattamento di rimuovere i propri Dati Personali. Salvo quanto diversamente specificato, la precedente privacy policy continuer\u00e0 ad applicarsi ai Dati Personali sino a quel momento raccolti.<\/p>\n<h4>Luogo di trattamento dei dati<\/h4>\n<p>I trattamenti connessi ai servizi web di questo sito hanno luogo presso la sede di Dalaleo srl, Piazza S.Rocco 7 &#8211; Riva del Garda &#8211; Trento e sono curati solo da personale tecnico incaricato del trattamento.<br \/>\nNessun dato derivante dal servizio web viene diffuso.<br \/>\nI dati personali forniti dagli utenti che inoltrano richieste di invio di materiale informativo o di iscrizione alla banca dati dei curricula, sono utilizzati al solo fine di eseguire il servizio o la prestazione richiesta.<\/p>\n<h4>Tipi di dati trattati<\/h4>\n<p><b>Dati di navigazione<\/b><br \/>\nI sistemi informatici e le procedure software preposte al funzionamento di questo sito web acquisiscono, nel corso del loro normale esercizio, alcuni dati personali la cui trasmissione \u00e8 implicita nell&#8217;uso dei protocolli di comunicazione di Internet.<br \/>\nSi tratta di informazioni che non sono raccolte per essere associate a interessati identificati, ma che per loro stessa natura potrebbero, attraverso elaborazioni ed associazioni con dati detenuti da terzi, permettere di identificare gli utenti.<\/p>\n<p>In questa categoria di dati rientrano gli indirizzi IP o i nomi a dominio dei computer utilizzati dagli utenti che si connettono al sito, gli indirizzi in notazione URI (<em>Uniform Resource Identifier<\/em>) delle risorse richieste, l&#8217;orario della richiesta, il metodo utilizzato nel sottoporre la richiesta al server, la dimensione del file ottenuto in risposta, il codice numerico indicante lo stato della risposta data dal server (<em>buon fine, errore, etc.<\/em>) ed altri parametri relativi al sistema operativo e all&#8217;ambiente informatico dell&#8217;utente.<br \/>\nQuesti dati vengono utilizzati al solo fine di ricavare informazioni statistiche anonime sull&#8217;uso del sito e per controllarne il corretto funzionamento e vengono cancellati immediatamente dopo l&#8217;elaborazione. I dati potrebbero essere utilizzati per l&#8217;accertamento di responsabilit\u00e0 in caso di ipotetici reati informatici ai danni del sito: salva questa eventualit\u00e0, allo stato i dati sui contatti web non persistono per pi\u00f9 di sei mesi.<\/p>\n<h4>Dati forniti volontariamente dall&#8217;utente<\/h4>\n<p>L&#8217;invio facoltativo, esplicito e volontario di posta elettronica agli indirizzi indicati su questo sito comporta la successiva acquisizione dell&#8217;indirizzo del mittente, necessario per rispondere alle richieste, nonch\u00e9 degli eventuali altri dati personali inseriti nella missiva.<\/p>\n<h4>Cookies<\/h4>\n<p>Il presente sito utilizza le seguenti tipologie di cookie (<em>ossia dei piccoli file di testo che i siti visitati inviano al tuo device, dove vengono poi memorizzati al fine di essere ritrasmessi agli stessi siti alla visita successiva<\/em>):<\/p>\n<h4>Cookie tecnici<\/h4>\n<p>Quei cookie strettamente necessari per permettere:<br \/>\nla navigazione e fruizione del sito web (<em>permettendo, ad esempio, di realizzare un acquisto o autenticarsi per accedere ad aree riservate, &#8220;cookie di navigazione o di sessione&#8221;<\/em>);<br \/>\nla raccolta di informazioni, in forma aggregata, sul numero degli utenti e su come questi visitano il sito stesso (<em>&#8220;cookie analytics&#8221;<\/em>);<br \/>\nla navigazione in funzione di una serie di criteri selezionati (<em>ad esempio, la lingua, i prodotti selezionati per l&#8217;acquisto, &#8220;cookie di funzionalit\u00e0&#8221;<\/em>) al fine di migliorare il servizio reso allo stesso.<br \/>\nTali cookie sono installati direttamente da Dalaleo srl e poich\u00e9 non vengono utilizzati per scopi ulteriori rispetto a quelli funzionali sopra descritti la loro installazione non richiede il tuo consenso.<\/p>\n<h4>Cookie di profilazione di terze parti<\/h4>\n<p>Tali cookie sono installati da soggetti diversi da Dalaleo srl e l&#8217;installazione degli stessi richiede il tuo consenso; in mancanza gli stessi non saranno installati. Ti riportiamo quindi di seguito i link alle informative privacy delle terze parti dove potrai esprimere il tuo consenso all&#8217;installazione di tali cookie evidenziando che, laddove non effettuassi alcuna scelta e decidessi di proseguire comunque con la navigazione all&#8217;interno del presente sito web, acconsentirai all&#8217;uso di tali cookie.<\/p>\n<p><strong>Google<\/strong> (Google Inc.)<br \/>\nhttp:\/\/www.google.com\/intl\/it\/policies\/technologies\/types\/<br \/>\nhttp:\/\/www.google.com\/intl\/it\/policies\/privacy\/<br \/>\nhttps:\/\/developers.google.com\/analytics\/devguides\/collection\/analyticsjs\/cookie-usage<br \/>\nhttp:\/\/google.com\/settings\/ads\/onweb\/optout<br \/>\nhttp:\/\/google.com\/privacy\/ads\/<br \/>\n<strong>Facebook<\/strong> (Facebook, Inc.)<br \/>\nhttps:\/\/www.facebook.com\/help\/cookies\/?ref=sitefooter<br \/>\nhttp:\/\/www.facebook.com\/privacy\/explanation.php<br \/>\nhttps:\/\/fbcdn-dragon-a.akamaihd.net\/hphotos-ak-xpa1\/t39.2365-6\/851576_193932070769264_1415834022_n.pdf<br \/>\n<strong>Twitter<\/strong> (Twitter, Inc.)<br \/>\nhttp:\/\/twitter.com\/privacy<br \/>\n<strong>AddThis<\/strong><br \/>\nhttp:\/\/www.addthis.com\/privacy\/privacy-policy<br \/>\n<strong>Mailchimp<\/strong> (Mailchimp)<br \/>\nhttp:\/\/mailchimp.com\/legal\/privacy\/<br \/>\n<strong>MixPanel<\/strong> (MixPanel)<br \/>\nhttp:\/\/mixpanel.com\/privacy\/<\/p>\n<p>In aggiunta a quanto sopra esposto, potrai comunque impostare il tuo browser in maniera da rifiutare automaticamente la ricezione dei cookie attivando l&#8217;apposita opzione: il mancato utilizzo dei cookie tecnici, tuttavia, potrebbe comportare difficolt\u00e0 nell&#8217;interazione con il presente sito.<br \/>\nInfine, Ti comunichiamo che, ai sensi dell&#8217;art. 7 del Codice Privacy, ti spettano determinati diritti, tra i quali quello di opporti al trattamento. A tal fine, pertanto, potrai modificare la tua scelta in qualsiasi momento accedendo nuovamente alla presente informativa.<\/p>\n<p>Nessun dato personale degli utenti viene in proposito acquisito dal sito.<br \/>\nNon viene fatto uso di cookies per la trasmissione di informazioni di carattere personale, n\u00e9 vengono utilizzati c.d. cookies persistenti di alcun tipo, ovvero sistemi per il tracciamento degli utenti.<br \/>\nL&#8217;uso di c.d. cookies di sessione (<em>che non vengono memorizzati in modo persistente sul computer dell&#8217;utente e svaniscono con la chiusura del browser<\/em>) \u00e8 strettamente limitato alla trasmissione di identificativi di sessione (<em>costituiti da numeri casuali generati dal server<\/em>) necessari per consentire l&#8217;esplorazione sicura ed efficiente del sito. I c.d. cookies di sessione utilizzati in questo sito evitano il ricorso ad altre tecniche informatiche potenzialmente pregiudizievoli per la riservatezza della navigazione degli utenti e non consentono l&#8217;acquisizione di dati personali identificativi dell&#8217;utente.<\/p>\n<h4>Facoltativit\u00e0 del conferimento dei dati<\/h4>\n<p>A parte quanto specificato per i dati di navigazione, l&#8217;utente \u00e8 libero di fornire i dati personali riportati nei moduli di richiesta o comunque indicati in contatti per sollecitare l&#8217;iscrizione nel database dei curricula o l&#8217;invio di materiale informativo o di altre comunicazioni.<br \/>\nIl loro mancato conferimento pu\u00f2 comportare l&#8217;impossibilit\u00e0 di ottenere quanto richiesto.<\/p>\n<h4>Modalit\u00e0 del trattamento<\/h4>\n<p>I dati personali sono trattati con strumenti automatizzati per il tempo strettamente necessario a conseguire gli scopi per cui sono stati raccolti.<br \/>\nSpecifiche misure di sicurezza sono osservate per prevenire la perdita dei dati, usi illeciti o non corretti ed accessi non autorizzati.<\/p>\n<h4>Finalit\u00e0<\/h4>\n<p>I dati sono trattati per finalit\u00e0 funzionali allo svolgimento della nostra attivit\u00e0, in particolare per:<\/p>\n<ul>\n<li>erogazione di servizi basati su interfaccia web (<em>registrazione anagrafica utenti<\/em>);<\/li>\n<li>inserimento nella banca dati curricula;<\/li>\n<li>erogazione di informazioni commerciali relative all&#8217;attivit\u00e0 di Dalaleo srl;<\/li>\n<li>ricerca statistica.<\/li>\n<\/ul>\n<h4>Diritti degli interessati<\/h4>\n<p>I soggetti cui si riferiscono i dati personali hanno il diritto in qualunque momento di ottenere la conferma dell&#8217;esistenza o meno dei medesimi dati e di conoscerne il contenuto e l&#8217;origine, verificarne l&#8217;esattezza o chiederne l&#8217;integrazione o l&#8217;aggiornamento, oppure la rettificazione (<em>art. 7 del d.lgs. n. 196\/2003<\/em>).<\/p>\n<p>Ai sensi del medesimo articolo si ha il diritto di chiedere la cancellazione, la trasformazione in forma anonima o il blocco dei dati trattati in violazione di legge, nonch\u00e9 di opporsi in ogni caso, per motivi legittimi, al loro trattamento.<\/p>\n<p><strong>Le richieste vanno rivolte al Titolare del Trattamento:<\/strong><\/p>\n<p><strong>Dalaleo srl,<\/strong><br \/>\nPiazza S.Rocco 7 &#8211; Riva del Garda &#8211; Trento<br \/>\ninfo@dalaleo.it<\/p>\n<div class=\"dalaleo-gdpr-block\">Vuoi modificare i tuoi dati ? <a href=\"https:\/\/www.dalaleo.com\/centro-privacy\/rettifica-dati\/\">clicca qui<\/a><\/div>\n<div class=\"dalaleo-gdpr-block\">Vuoi che i tuoi dati vengano cancellati ? <a href=\"https:\/\/www.dalaleo.com\/centro-privacy\/oblio\/\">clicca qui<\/a><\/div>\n<div class=\"dalaleo-gdpr-block\">Vuoi richiederci quali tuoi dati stiamo conservando? <a href=\"https:\/\/www.dalaleo.com\/centro-privacy\/richiesta-dati\/\">clicca qui<\/a><\/div>\n<div><\/div>\n<div>Ultima modifica: 20\/02\/2019<\/div>\n","protected":false},"excerpt":{"rendered":"Informativa sulla privacy ai sensi dell\u2019art 13 del D.Lgs. 196\/2003 e del Regolamento UE sulla protezione dei dati (GDPR, General Data Protection Regulation UE 2016\/679) In questa pagina si descrivono le modalit\u00e0 di gestione del sito web www.dalaleo.com da parte di Dalaleo srl, in riferimento al trattamento dei dati personali degli utenti che lo consultano&#8230;. <a class=\"view-article\" href=\"https:\/\/dalaleo.com\/it\/privacy\/\">Mostra articolo<\/a>","protected":false},"author":1,"featured_media":0,"parent":0,"menu_order":0,"comment_status":"open","ping_status":"open","template":"","meta":{"_acf_changed":false,"footnotes":""},"class_list":["post-1921","page","type-page","status-publish","hentry"],"acf":[],"_links":{"self":[{"href":"https:\/\/dalaleo.com\/it\/wp-json\/wp\/v2\/pages\/1921","targetHints":{"allow":["GET"]}}],"collection":[{"href":"https:\/\/dalaleo.com\/it\/wp-json\/wp\/v2\/pages"}],"about":[{"href":"https:\/\/dalaleo.com\/it\/wp-json\/wp\/v2\/types\/page"}],"author":[{"embeddable":true,"href":"https:\/\/dalaleo.com\/it\/wp-json\/wp\/v2\/users\/1"}],"replies":[{"embeddable":true,"href":"https:\/\/dalaleo.com\/it\/wp-json\/wp\/v2\/comments?post=1921"}],"version-history":[{"count":14,"href":"https:\/\/dalaleo.com\/it\/wp-json\/wp\/v2\/pages\/1921\/revisions"}],"predecessor-version":[{"id":3557,"href":"https:\/\/dalaleo.com\/it\/wp-json\/wp\/v2\/pages\/1921\/revisions\/3557"}],"wp:attachment":[{"href":"https:\/\/dalaleo.com\/it\/wp-json\/wp\/v2\/media?parent=1921"}],"curies":[{"name":"wp","href":"https:\/\/api.w.org\/{rel}","templated":true}]}}