{"id":3587,"date":"2019-03-13T13:29:14","date_gmt":"2019-03-13T13:29:14","guid":{"rendered":"https:\/\/www.dalaleo.com\/?page_id=3587"},"modified":"2019-03-13T13:29:44","modified_gmt":"2019-03-13T13:29:44","slug":"il-nuovo-ecommerce-dalaleo","status":"publish","type":"page","link":"https:\/\/dalaleo.com\/it\/il-nuovo-ecommerce-dalaleo\/","title":{"rendered":"Il nuovo Dalaleo.com"},"content":{"rendered":"<p>Nel 2018 Dalaleo ha realizzato un progetto di creazione del proprio e-commerce che si inserisce nell&#8217;ambito del Programma Operativo FESR 2014-2020 avviso 3_2017 della Provincia Autonoma di Trento con il co-finanziamento dell&#8217;Unione Europea &#8211; Fondo Europeo di Sviluppo Regionale dello Stato Italiano e della Provincia Autonoma di Trento.<\/p>\n<p>Dalaleo nasce infatti come piccolissima realt\u00e0 artigianale nel lontano 2007, periodo in cui in Italia si vendeva principalmente tramite i negozi e in cui le persone conoscevano un brand attraverso gli eventi di settore o il prezioso passaparola.<br \/>\nCon il passare degli anni e l&#8217;avvenuto cambiamento tecnologico e digitale, il brand ha iniziato ad avere necessit\u00e0 di un canale di promozione e vendita efficace e strutturato.<\/p>\n<p>Per questo si \u00e8 deciso di investire nella creazione di un e-commerce che desse l&#8217;opportunit\u00e0 ai clienti e ai rivenditori di scoprire i prodotti del brand, di scegliere i loro preferiti e acquistarli con un semplice click, ovunque fossero, in qualunque momento.<\/p>\n<p>Il progetto, per un importo complessivo di 15mila euro, si \u00e8 imposto sul mercato dell&#8217;accessorio di qualit\u00e0 in maniera pi\u00f9 strutturata migliorando la brand awareness e anche il flusso di vendita, andando cos\u00ec a migliorare l&#8217;immagine complessiva del brand, la sua competitivit\u00e0 e il suo sviluppo in ottica globale.<\/p>\n","protected":false},"excerpt":{"rendered":"Nel 2018 Dalaleo ha realizzato un progetto di creazione del proprio e-commerce che si inserisce nell&#8217;ambito del Programma Operativo FESR 2014-2020 avviso 3_2017 della Provincia Autonoma di Trento con il co-finanziamento dell&#8217;Unione Europea &#8211; Fondo Europeo di Sviluppo Regionale dello Stato Italiano e della Provincia Autonoma di Trento. Dalaleo nasce infatti come piccolissima realt\u00e0 artigianale&#8230; <a class=\"view-article\" href=\"https:\/\/dalaleo.com\/it\/il-nuovo-ecommerce-dalaleo\/\">Mostra articolo<\/a>","protected":false},"author":1,"featured_media":0,"parent":0,"menu_order":0,"comment_status":"closed","ping_status":"closed","template":"","meta":{"_acf_changed":false,"footnotes":""},"class_list":["post-3587","page","type-page","status-publish","hentry"],"acf":[],"_links":{"self":[{"href":"https:\/\/dalaleo.com\/it\/wp-json\/wp\/v2\/pages\/3587","targetHints":{"allow":["GET"]}}],"collection":[{"href":"https:\/\/dalaleo.com\/it\/wp-json\/wp\/v2\/pages"}],"about":[{"href":"https:\/\/dalaleo.com\/it\/wp-json\/wp\/v2\/types\/page"}],"author":[{"embeddable":true,"href":"https:\/\/dalaleo.com\/it\/wp-json\/wp\/v2\/users\/1"}],"replies":[{"embeddable":true,"href":"https:\/\/dalaleo.com\/it\/wp-json\/wp\/v2\/comments?post=3587"}],"version-history":[{"count":2,"href":"https:\/\/dalaleo.com\/it\/wp-json\/wp\/v2\/pages\/3587\/revisions"}],"predecessor-version":[{"id":3589,"href":"https:\/\/dalaleo.com\/it\/wp-json\/wp\/v2\/pages\/3587\/revisions\/3589"}],"wp:attachment":[{"href":"https:\/\/dalaleo.com\/it\/wp-json\/wp\/v2\/media?parent=3587"}],"curies":[{"name":"wp","href":"https:\/\/api.w.org\/{rel}","templated":true}]}}