{"id":1231,"date":"2013-07-26T12:21:08","date_gmt":"2013-07-26T12:21:08","guid":{"rendered":"http:\/\/www.dalaleostore.com\/?post_type=product&#038;p=1231"},"modified":"2025-06-19T00:54:57","modified_gmt":"2025-06-19T00:54:57","slug":"borsa-vania-media-chic-catena-corta","status":"publish","type":"product","link":"https:\/\/dalaleo.com\/it\/prodotto\/borsa-vania-media-chic-catena-corta\/","title":{"rendered":"Borsa Vania Media Chic Catena Corta"},"content":{"rendered":"<p><strong>BORSA VANIA MEDIA CHIC CATENA CORTA<\/strong><\/p>\n<p>Borsa fatta a mano con linguette delle lattine riciclate e creata con la tecnica dell\u2019uncinetto utilizzando filo di nylon color beige.\u00a0La forma \u00e8 rettangolare con grande profondit\u00e0, con patta a chiusura e calamita. La corta tracolla doppia \u00e8 in catena metallica e la patta \u00e8 ricamata con la stessa catena metallica (nickel free).<\/p>\n<p style=\"color: #000000;\"><strong>Come si indossa:<\/strong> a spalla o a tracolla.<\/p>\n<p style=\"color: #000000;\"><strong>Il consiglio della designer:<\/strong> \u00e8 una borsetta che pu\u00f2 risolvere molteplici situazioni. E\u2019 di medie dimensioni e quindi perfetta per una donna classica che non ama le borse grandi.<\/p>\n<p>&nbsp;<\/p>","protected":false},"excerpt":{"rendered":"Borsa fatta a mano con linguette delle lattine riciclate e creata con la tecnica dell\u2019uncinetto utilizzando filo di nylon color beige. La forma \u00e8 rettangolare con grande profondit\u00e0, con patta a chiusura e calamita. La corta tracolla doppia \u00e8 in catena metallica e la patta \u00e8 ricamata con la stessa catena metallica.\r\n\r\n&nbsp;","protected":false},"featured_media":3024,"comment_status":"open","ping_status":"closed","template":"","meta":{"_acf_changed":false},"product_brand":[],"product_cat":[176,233],"product_tag":[214],"class_list":{"0":"post-1231","1":"product","2":"type-product","3":"status-publish","4":"has-post-thumbnail","6":"product_cat-borse","7":"product_cat-borse-di-grandi-dimensioni","8":"product_tag-vania-media-chic","10":"first","11":"instock","12":"taxable","13":"shipping-taxable","14":"purchasable","15":"product-type-simple"},"acf":[],"_links":{"self":[{"href":"https:\/\/dalaleo.com\/it\/wp-json\/wp\/v2\/product\/1231","targetHints":{"allow":["GET"]}}],"collection":[{"href":"https:\/\/dalaleo.com\/it\/wp-json\/wp\/v2\/product"}],"about":[{"href":"https:\/\/dalaleo.com\/it\/wp-json\/wp\/v2\/types\/product"}],"replies":[{"embeddable":true,"href":"https:\/\/dalaleo.com\/it\/wp-json\/wp\/v2\/comments?post=1231"}],"wp:featuredmedia":[{"embeddable":true,"href":"https:\/\/dalaleo.com\/it\/wp-json\/wp\/v2\/media\/3024"}],"wp:attachment":[{"href":"https:\/\/dalaleo.com\/it\/wp-json\/wp\/v2\/media?parent=1231"}],"wp:term":[{"taxonomy":"product_brand","embeddable":true,"href":"https:\/\/dalaleo.com\/it\/wp-json\/wp\/v2\/product_brand?post=1231"},{"taxonomy":"product_cat","embeddable":true,"href":"https:\/\/dalaleo.com\/it\/wp-json\/wp\/v2\/product_cat?post=1231"},{"taxonomy":"product_tag","embeddable":true,"href":"https:\/\/dalaleo.com\/it\/wp-json\/wp\/v2\/product_tag?post=1231"}],"curies":[{"name":"wp","href":"https:\/\/api.w.org\/{rel}","templated":true}]}}