{"id":1239,"date":"2013-07-26T12:33:02","date_gmt":"2013-07-26T12:33:02","guid":{"rendered":"http:\/\/www.dalaleostore.com\/?post_type=product&#038;p=1239"},"modified":"2025-06-19T12:06:00","modified_gmt":"2025-06-19T12:06:00","slug":"borsa-vania-small-catena-corta","status":"publish","type":"product","link":"https:\/\/dalaleo.com\/it\/prodotto\/borsa-vania-small-catena-corta\/","title":{"rendered":"Borsa Vania Small Catena Corta"},"content":{"rendered":"<p><strong>BORSA VANIA SMALL CATENA CORTA<\/strong><\/p>\n<p>Borsa fatta a mano con linguette delle lattine riciclate e creata con la tecnica dell\u2019uncinetto utilizzando filo di nylon color beige.\u00a0La forma \u00e8 rettangolare con discreta profondit\u00e0 con patta a chiusura. La corta tracolla \u00e8 in catena metallica (nickel free).<\/p>\n<p><strong>Come si indossa:<\/strong> sulla spalla.<\/p>\n<p><strong>Il consiglio della designer:<\/strong> \u00e8 una borsetta che pu\u00f2 risolvere molteplici situazioni. E\u2019 di piccole dimensioni e quindi perfetta per la donna che non ama le borse grandi ma adatta anche per l\u2019aperitivo, una serata mondana o una cerimonia.<\/p>","protected":false},"excerpt":{"rendered":"Borsa fatta a mano con linguette delle lattine riciclate e creata con la tecnica dell\u2019uncinetto utilizzando filo di nylon color beige.\u00a0La forma \u00e8 rettangolare con discreta profondit\u00e0 con patta a chiusura. La corta tracolla \u00e8 in catena metallica (nikelata).","protected":false},"featured_media":3036,"comment_status":"open","ping_status":"closed","template":"","meta":{"_acf_changed":false},"product_brand":[],"product_cat":[176,234],"product_tag":[197],"class_list":{"0":"post-1239","1":"product","2":"type-product","3":"status-publish","4":"has-post-thumbnail","6":"product_cat-borse","7":"product_cat-borse-di-piccole-dimensioni","8":"product_tag-vania-small","10":"first","11":"instock","12":"taxable","13":"shipping-taxable","14":"purchasable","15":"product-type-simple"},"acf":[],"_links":{"self":[{"href":"https:\/\/dalaleo.com\/it\/wp-json\/wp\/v2\/product\/1239","targetHints":{"allow":["GET"]}}],"collection":[{"href":"https:\/\/dalaleo.com\/it\/wp-json\/wp\/v2\/product"}],"about":[{"href":"https:\/\/dalaleo.com\/it\/wp-json\/wp\/v2\/types\/product"}],"replies":[{"embeddable":true,"href":"https:\/\/dalaleo.com\/it\/wp-json\/wp\/v2\/comments?post=1239"}],"wp:featuredmedia":[{"embeddable":true,"href":"https:\/\/dalaleo.com\/it\/wp-json\/wp\/v2\/media\/3036"}],"wp:attachment":[{"href":"https:\/\/dalaleo.com\/it\/wp-json\/wp\/v2\/media?parent=1239"}],"wp:term":[{"taxonomy":"product_brand","embeddable":true,"href":"https:\/\/dalaleo.com\/it\/wp-json\/wp\/v2\/product_brand?post=1239"},{"taxonomy":"product_cat","embeddable":true,"href":"https:\/\/dalaleo.com\/it\/wp-json\/wp\/v2\/product_cat?post=1239"},{"taxonomy":"product_tag","embeddable":true,"href":"https:\/\/dalaleo.com\/it\/wp-json\/wp\/v2\/product_tag?post=1239"}],"curies":[{"name":"wp","href":"https:\/\/api.w.org\/{rel}","templated":true}]}}