{"id":1252,"date":"2013-08-06T16:25:50","date_gmt":"2013-08-06T16:25:50","guid":{"rendered":"http:\/\/www.dalaleostore.com\/?post_type=product&#038;p=1252"},"modified":"2026-02-18T17:25:32","modified_gmt":"2026-02-18T17:25:32","slug":"borsa-vania-small-chic-catena-corta","status":"publish","type":"product","link":"https:\/\/dalaleo.com\/it\/prodotto\/borsa-vania-small-chic-catena-corta\/","title":{"rendered":"Borsa Vania Small Chic Catena Corta"},"content":{"rendered":"<p><strong>BORSA VANIA SMALL CHIC CATENA CORTA<\/strong><\/p>\n<p>Borsa fatta a mano con linguette delle lattine riciclate e creata con la tecnica dell\u2019uncinetto utilizzando filo di nylon color beige.\u00a0La forma \u00e8 rettangolare con discreta profondit\u00e0 con patta a chiusura. La corta tracolla \u00e8 in catena metallica argento e la patta \u00e8 ricamata con la stessa catena metallica (nickel free).<\/p>\n<p><strong>Come si indossa:<\/strong> sulla spalla.<\/p>\n<p><strong><span style=\"color: #333333;\">Il consiglio della designer:<\/span> <\/strong>\u00e8<span style=\"color: #000000;\"> una borsetta che pu\u00f2 risolvere molteplici situazioni. E\u2019 di piccole dimensioni e quindi perfetta per la donna che non ama le borse grandi. E&#8217; adatta anche per l\u2019aperitivo, una serata fuori o una cerimonia.<\/span><\/p>\n<p>&nbsp;<\/p>","protected":false},"excerpt":{"rendered":"Borsa fatta a mano con linguette delle lattine riciclate e creata con la tecnica dell\u2019uncinetto utilizzando filo di nylon color beige.\u00a0La forma \u00e8 rettangolare con discreta profondit\u00e0 con patta a chiusura. La corta tracolla \u00e8 in catena metallica argento e la patta \u00e8 ricamata con la stessa catena metallica (nikelata).\r\n\r\n&nbsp;\r\n<div><\/div>","protected":false},"featured_media":3368,"comment_status":"open","ping_status":"closed","template":"","meta":{"_acf_changed":false},"product_brand":[],"product_cat":[176,234],"product_tag":[198],"class_list":{"0":"post-1252","1":"product","2":"type-product","3":"status-publish","4":"has-post-thumbnail","6":"product_cat-borse","7":"product_cat-borse-di-piccole-dimensioni","8":"product_tag-vania-small-chic","10":"first","11":"instock","12":"taxable","13":"shipping-taxable","14":"purchasable","15":"product-type-simple"},"acf":[],"_links":{"self":[{"href":"https:\/\/dalaleo.com\/it\/wp-json\/wp\/v2\/product\/1252","targetHints":{"allow":["GET"]}}],"collection":[{"href":"https:\/\/dalaleo.com\/it\/wp-json\/wp\/v2\/product"}],"about":[{"href":"https:\/\/dalaleo.com\/it\/wp-json\/wp\/v2\/types\/product"}],"replies":[{"embeddable":true,"href":"https:\/\/dalaleo.com\/it\/wp-json\/wp\/v2\/comments?post=1252"}],"wp:featuredmedia":[{"embeddable":true,"href":"https:\/\/dalaleo.com\/it\/wp-json\/wp\/v2\/media\/3368"}],"wp:attachment":[{"href":"https:\/\/dalaleo.com\/it\/wp-json\/wp\/v2\/media?parent=1252"}],"wp:term":[{"taxonomy":"product_brand","embeddable":true,"href":"https:\/\/dalaleo.com\/it\/wp-json\/wp\/v2\/product_brand?post=1252"},{"taxonomy":"product_cat","embeddable":true,"href":"https:\/\/dalaleo.com\/it\/wp-json\/wp\/v2\/product_cat?post=1252"},{"taxonomy":"product_tag","embeddable":true,"href":"https:\/\/dalaleo.com\/it\/wp-json\/wp\/v2\/product_tag?post=1252"}],"curies":[{"name":"wp","href":"https:\/\/api.w.org\/{rel}","templated":true}]}}