{"id":1290,"date":"2013-09-27T11:30:44","date_gmt":"2013-09-27T11:30:44","guid":{"rendered":"http:\/\/www.dalaleostore.com\/?post_type=product&#038;p=1290"},"modified":"2025-06-19T11:35:50","modified_gmt":"2025-06-19T11:35:50","slug":"borsa-matilde-catena-corta","status":"publish","type":"product","link":"https:\/\/dalaleo.com\/it\/prodotto\/borsa-matilde-catena-corta\/","title":{"rendered":"Borsa Matilde Catena Corta"},"content":{"rendered":"<p><strong>BORSA MATILDE CATENA CORTA<\/strong><\/p>\n<p>Borsa realizzata a mano con linguette della lattine riciclate assemblate con filo di nylon colore beige con la tecnica dell&#8217;uncinetto. La forma \u00e8 a fagiolo. La tracolla corta \u00e8 in catena metallica (nickel free). La borsa \u00e8 chiusa con zip cucita su una base lavorata all\u2019uncinetto.<\/p>\n<p><strong>Come si indossa:<\/strong> a mano o sulla spalla.<\/p>\n<p style=\"color: #000000;\"><strong>Il consiglio della designer:<\/strong> questa \u00e8 una variazione della classica borsa &#8220;postina&#8221; e si differenzia non solo per il tipo di lavorazione, ma anche per la chiusura. Ideale per chi vive in citt\u00e0 e teme i furti. La tracolla in catena le dona un&#8217;aria pi\u00f9 chic.<\/p>\n<p>&nbsp;<\/p>","protected":false},"excerpt":{"rendered":"Borsa realizzata a mano con linguette della lattine riciclate assemblate con filo di nylon colore beige con la tecnica dell&#8217;uncinetto. La forma \u00e8 a fagiolo. La tracolla corta \u00e8 in catena metallica. La borsa \u00e8 chiusa con zip cucita su una base lavorata all\u2019uncinetto.","protected":false},"featured_media":2950,"comment_status":"open","ping_status":"closed","template":"","meta":{"_acf_changed":false},"product_brand":[],"product_cat":[176,233],"product_tag":[89],"class_list":{"0":"post-1290","1":"product","2":"type-product","3":"status-publish","4":"has-post-thumbnail","6":"product_cat-borse","7":"product_cat-borse-di-grandi-dimensioni","8":"product_tag-matilde-2","10":"first","11":"outofstock","12":"taxable","13":"shipping-taxable","14":"purchasable","15":"product-type-simple"},"acf":[],"_links":{"self":[{"href":"https:\/\/dalaleo.com\/it\/wp-json\/wp\/v2\/product\/1290","targetHints":{"allow":["GET"]}}],"collection":[{"href":"https:\/\/dalaleo.com\/it\/wp-json\/wp\/v2\/product"}],"about":[{"href":"https:\/\/dalaleo.com\/it\/wp-json\/wp\/v2\/types\/product"}],"replies":[{"embeddable":true,"href":"https:\/\/dalaleo.com\/it\/wp-json\/wp\/v2\/comments?post=1290"}],"wp:featuredmedia":[{"embeddable":true,"href":"https:\/\/dalaleo.com\/it\/wp-json\/wp\/v2\/media\/2950"}],"wp:attachment":[{"href":"https:\/\/dalaleo.com\/it\/wp-json\/wp\/v2\/media?parent=1290"}],"wp:term":[{"taxonomy":"product_brand","embeddable":true,"href":"https:\/\/dalaleo.com\/it\/wp-json\/wp\/v2\/product_brand?post=1290"},{"taxonomy":"product_cat","embeddable":true,"href":"https:\/\/dalaleo.com\/it\/wp-json\/wp\/v2\/product_cat?post=1290"},{"taxonomy":"product_tag","embeddable":true,"href":"https:\/\/dalaleo.com\/it\/wp-json\/wp\/v2\/product_tag?post=1290"}],"curies":[{"name":"wp","href":"https:\/\/api.w.org\/{rel}","templated":true}]}}