{"id":1410,"date":"2014-02-17T17:17:41","date_gmt":"2014-02-17T17:17:41","guid":{"rendered":"http:\/\/www.dalaleostore.com\/?post_type=product&#038;p=1410"},"modified":"2026-02-18T17:25:23","modified_gmt":"2026-02-18T17:25:23","slug":"borsa-vania-small-chic","status":"publish","type":"product","link":"https:\/\/dalaleo.com\/it\/prodotto\/borsa-vania-small-chic\/","title":{"rendered":"Borsa Vania Small Chic"},"content":{"rendered":"<p><strong>BORSA VANIA SMALL CHIC<\/strong><\/p>\n<p>Borsa fatta a mano con linguette delle lattine riciclate e creata con la tecnica dell\u2019uncinetto utilizzando filo di nylon color beige. La forma \u00e8 rettangolare con discreta profondit\u00e0 con patta a chiusura. La tracolla \u00e8 in catena metallica argento e la patta \u00e8 ricamata con la stessa catena metallica (nickel free).<\/p>\n<p><strong>Come si indossa:<\/strong> a spalla.<\/p>\n<p id=\"tw-target-text\" class=\"tw-data-text tw-ta tw-text-small\" dir=\"ltr\" data-placeholder=\"Traduzione\"><span lang=\"it\"><strong>Il consiglio della designer:<\/strong> \u00e8 una borsa versatile. Grazie alle dimensioni ridotte \u00e8 perfetta per chi ama le borse piccole. \u00c8 ideale anche per l&#8217;ora dell&#8217;aperitivo cos\u00ec come per uscire la sera o per una cerimonia.<br \/>\n<\/span><\/p>\n<p><\/p>","protected":false},"excerpt":{"rendered":"Borsa fatta a mano con linguette delle lattine riciclate, di forma rettangolare e con tracolla in catena metallica (nickel free).","protected":false},"featured_media":3371,"comment_status":"open","ping_status":"closed","template":"","meta":{"_acf_changed":false},"product_brand":[],"product_cat":[176,234],"product_tag":[198],"class_list":{"0":"post-1410","1":"product","2":"type-product","3":"status-publish","4":"has-post-thumbnail","6":"product_cat-borse","7":"product_cat-borse-di-piccole-dimensioni","8":"product_tag-vania-small-chic","10":"first","11":"instock","12":"taxable","13":"shipping-taxable","14":"purchasable","15":"product-type-simple"},"acf":[],"_links":{"self":[{"href":"https:\/\/dalaleo.com\/it\/wp-json\/wp\/v2\/product\/1410","targetHints":{"allow":["GET"]}}],"collection":[{"href":"https:\/\/dalaleo.com\/it\/wp-json\/wp\/v2\/product"}],"about":[{"href":"https:\/\/dalaleo.com\/it\/wp-json\/wp\/v2\/types\/product"}],"replies":[{"embeddable":true,"href":"https:\/\/dalaleo.com\/it\/wp-json\/wp\/v2\/comments?post=1410"}],"wp:featuredmedia":[{"embeddable":true,"href":"https:\/\/dalaleo.com\/it\/wp-json\/wp\/v2\/media\/3371"}],"wp:attachment":[{"href":"https:\/\/dalaleo.com\/it\/wp-json\/wp\/v2\/media?parent=1410"}],"wp:term":[{"taxonomy":"product_brand","embeddable":true,"href":"https:\/\/dalaleo.com\/it\/wp-json\/wp\/v2\/product_brand?post=1410"},{"taxonomy":"product_cat","embeddable":true,"href":"https:\/\/dalaleo.com\/it\/wp-json\/wp\/v2\/product_cat?post=1410"},{"taxonomy":"product_tag","embeddable":true,"href":"https:\/\/dalaleo.com\/it\/wp-json\/wp\/v2\/product_tag?post=1410"}],"curies":[{"name":"wp","href":"https:\/\/api.w.org\/{rel}","templated":true}]}}