{"id":3703,"date":"2019-08-02T15:14:10","date_gmt":"2019-08-02T15:14:10","guid":{"rendered":"https:\/\/www.dalaleo.com\/?post_type=product&#038;p=3703"},"modified":"2022-09-27T09:51:07","modified_gmt":"2022-09-27T09:51:07","slug":"borsa-mezzaluna","status":"publish","type":"product","link":"https:\/\/dalaleo.com\/it\/prodotto\/borsa-mezzaluna\/","title":{"rendered":"Borsa Mezzaluna"},"content":{"rendered":"<p><strong>BORSA MEZZALUNA<\/strong><\/p>\n<p>Borsa fatta a mano con linguette delle lattine riciclate e creata con la tecnica dell\u2019uncinetto utilizzando filo di nylon color beige.\u00a0La forma \u00e8 a mezzaluna con discreta profondit\u00e0 e chiusura con patta. La tracolla \u00e8 in catena metallica (nickel free).<\/p>\n<p><strong>Come di indossa:<\/strong> si pu\u00f2 portare a tracolla o a spalla.<\/p>","protected":false},"excerpt":{"rendered":"Borsa fatta a mano con linguette delle lattine riciclate e creata con la tecnica dell\u2019uncinetto utilizzando filo di nylon color beige e tracolla \u00e8 in catena metallica (nickel free).","protected":false},"featured_media":3704,"comment_status":"closed","ping_status":"closed","template":"","meta":{"_acf_changed":false},"product_brand":[],"product_cat":[233],"product_tag":[251],"class_list":{"0":"post-3703","1":"product","2":"type-product","3":"status-publish","4":"has-post-thumbnail","6":"product_cat-borse-di-grandi-dimensioni","7":"product_tag-borsa-mezzaluna","9":"first","10":"outofstock","11":"taxable","12":"shipping-taxable","13":"purchasable","14":"product-type-simple"},"acf":[],"_links":{"self":[{"href":"https:\/\/dalaleo.com\/it\/wp-json\/wp\/v2\/product\/3703","targetHints":{"allow":["GET"]}}],"collection":[{"href":"https:\/\/dalaleo.com\/it\/wp-json\/wp\/v2\/product"}],"about":[{"href":"https:\/\/dalaleo.com\/it\/wp-json\/wp\/v2\/types\/product"}],"replies":[{"embeddable":true,"href":"https:\/\/dalaleo.com\/it\/wp-json\/wp\/v2\/comments?post=3703"}],"wp:featuredmedia":[{"embeddable":true,"href":"https:\/\/dalaleo.com\/it\/wp-json\/wp\/v2\/media\/3704"}],"wp:attachment":[{"href":"https:\/\/dalaleo.com\/it\/wp-json\/wp\/v2\/media?parent=3703"}],"wp:term":[{"taxonomy":"product_brand","embeddable":true,"href":"https:\/\/dalaleo.com\/it\/wp-json\/wp\/v2\/product_brand?post=3703"},{"taxonomy":"product_cat","embeddable":true,"href":"https:\/\/dalaleo.com\/it\/wp-json\/wp\/v2\/product_cat?post=3703"},{"taxonomy":"product_tag","embeddable":true,"href":"https:\/\/dalaleo.com\/it\/wp-json\/wp\/v2\/product_tag?post=3703"}],"curies":[{"name":"wp","href":"https:\/\/api.w.org\/{rel}","templated":true}]}}