{"id":413,"date":"2012-08-18T11:40:19","date_gmt":"2012-08-18T11:40:19","guid":{"rendered":"http:\/\/www.dalaleostore.com\/?product=shopping-big-leo-con-catena"},"modified":"2026-03-16T10:49:11","modified_gmt":"2026-03-16T10:49:11","slug":"borsa-shopping-big-leo-catena","status":"publish","type":"product","link":"https:\/\/dalaleo.com\/it\/prodotto\/borsa-shopping-big-leo-catena\/","title":{"rendered":"Borsa Shopping Big Leo Catena"},"content":{"rendered":"<p><strong>BORSA SHOPPING BIG LEO CATENA<\/strong><\/p>\n<p style=\"color: #000000;\"><span style=\"color: #333333;\">Borsa fatta a mano con linguette delle lattine riciclate e creata con la tecnica dell&#8217;uncinetto utilizzando filo di nylon color beige. Manici realizzati in catena (nickel free).<\/span><\/p>\n<p><span style=\"color: #333333;\"><strong>Come si indossa:<\/strong> a mano o sulla spalla.<\/span><\/p>\n<p style=\"color: #000000;\"><span style=\"color: #333333;\"><strong>Il consiglio della designer:<\/strong> di forma rettangolare e con profondo spessore laterale, questa \u00e8 una della prime borse che la designer ha pensato e desiderato per s\u00e9. Grande e capiente, \u00e8 adatta per tutte le ore del giorno ed \u00e8 l&#8217;ideale per una donna pratica ed informale che desidera avere tutta la casa nella \u00e8ropria borsa. I manici in catena impreziosiscono l&#8217;accessorio e le danno un&#8217;aria pi\u00f9 chic.<\/span><\/p>\n<p>&nbsp;<\/p>","protected":false},"excerpt":{"rendered":"Borsa fatta a mano con linguette delle lattine riciclate e creata con la tecnica dell&#8217;uncinetto utilizzando filo di nylon color beige. Manici realizzati in catena (nikelata).","protected":false},"featured_media":2875,"comment_status":"open","ping_status":"closed","template":"","meta":{"_acf_changed":false},"product_brand":[],"product_cat":[176,233],"product_tag":[44],"class_list":{"0":"post-413","1":"product","2":"type-product","3":"status-publish","4":"has-post-thumbnail","6":"product_cat-borse","7":"product_cat-borse-di-grandi-dimensioni","8":"product_tag-shopping-big-leo","10":"first","11":"outofstock","12":"taxable","13":"shipping-taxable","14":"purchasable","15":"product-type-simple"},"acf":[],"_links":{"self":[{"href":"https:\/\/dalaleo.com\/it\/wp-json\/wp\/v2\/product\/413","targetHints":{"allow":["GET"]}}],"collection":[{"href":"https:\/\/dalaleo.com\/it\/wp-json\/wp\/v2\/product"}],"about":[{"href":"https:\/\/dalaleo.com\/it\/wp-json\/wp\/v2\/types\/product"}],"replies":[{"embeddable":true,"href":"https:\/\/dalaleo.com\/it\/wp-json\/wp\/v2\/comments?post=413"}],"wp:featuredmedia":[{"embeddable":true,"href":"https:\/\/dalaleo.com\/it\/wp-json\/wp\/v2\/media\/2875"}],"wp:attachment":[{"href":"https:\/\/dalaleo.com\/it\/wp-json\/wp\/v2\/media?parent=413"}],"wp:term":[{"taxonomy":"product_brand","embeddable":true,"href":"https:\/\/dalaleo.com\/it\/wp-json\/wp\/v2\/product_brand?post=413"},{"taxonomy":"product_cat","embeddable":true,"href":"https:\/\/dalaleo.com\/it\/wp-json\/wp\/v2\/product_cat?post=413"},{"taxonomy":"product_tag","embeddable":true,"href":"https:\/\/dalaleo.com\/it\/wp-json\/wp\/v2\/product_tag?post=413"}],"curies":[{"name":"wp","href":"https:\/\/api.w.org\/{rel}","templated":true}]}}