{"id":478,"date":"2012-08-19T13:13:22","date_gmt":"2012-08-19T13:13:22","guid":{"rendered":"http:\/\/www.dalaleostore.com\/?post_type=product&#038;p=478"},"modified":"2026-02-06T08:41:33","modified_gmt":"2026-02-06T08:41:33","slug":"borsa-mezza-luna-con-patta","status":"publish","type":"product","link":"https:\/\/dalaleo.com\/it\/prodotto\/borsa-mezza-luna-con-patta\/","title":{"rendered":"Borsa Mezza Luna con patta"},"content":{"rendered":"<p><strong>BORSA MEZZA LUNA CON PATTA<\/strong><\/p>\n<p>Borsa fatta a mano con linguette delle lattine riciclate e creata con la tecnica dell&#8217;uncinetto utilizzando filo di nylon colore beige. Di forma arrontondata, ricorda la famosa \u00a0&#8220;bisaccia&#8221;: la\u00a0chiusura \u00e8 con la patta e la lunga tracolla \u00e8 anch&#8217;essa realizzata con le linguette.<\/p>\n<p><strong>Come si indossa<\/strong>: a tracolla o sulla spalla.<\/p>\n<p style=\"color: #000000;\"><strong>Il consiglio della designer:<\/strong> questo modello rimarr\u00e0 sempre nel cuore della designer perch\u00e8 ha segnato l&#8217;inizio del suo percorso. La prima borsa che compr\u00f2 in Brasile aveva pi\u00f9 o meno le stesse caratteristiche. E&#8217; una borsa giovane fresca ed informale.<\/p>\n<p>&nbsp;<\/p>","protected":false},"excerpt":{"rendered":"Borsa fatta a mano con linguette delle lattine riciclate e creata con la tecnica dell&#8217;uncinetto utilizzando filo di nylon colore beige. Di forma arrontondata, ricorda la famosa \u00a0&#8220;bisaccia&#8221;: la\u00a0chiusura \u00e8 con la patta e la lunga tracolla \u00e8 anch&#8217;essa realizzata con le linguette.\r\n<div><\/div>","protected":false},"featured_media":2975,"comment_status":"open","ping_status":"closed","template":"","meta":{"_acf_changed":false},"product_brand":[],"product_cat":[176,233],"product_tag":[91],"class_list":{"0":"post-478","1":"product","2":"type-product","3":"status-publish","4":"has-post-thumbnail","6":"product_cat-borse","7":"product_cat-borse-di-grandi-dimensioni","8":"product_tag-mezza-luna","10":"first","11":"outofstock","12":"taxable","13":"shipping-taxable","14":"purchasable","15":"product-type-simple"},"acf":[],"_links":{"self":[{"href":"https:\/\/dalaleo.com\/it\/wp-json\/wp\/v2\/product\/478","targetHints":{"allow":["GET"]}}],"collection":[{"href":"https:\/\/dalaleo.com\/it\/wp-json\/wp\/v2\/product"}],"about":[{"href":"https:\/\/dalaleo.com\/it\/wp-json\/wp\/v2\/types\/product"}],"replies":[{"embeddable":true,"href":"https:\/\/dalaleo.com\/it\/wp-json\/wp\/v2\/comments?post=478"}],"wp:featuredmedia":[{"embeddable":true,"href":"https:\/\/dalaleo.com\/it\/wp-json\/wp\/v2\/media\/2975"}],"wp:attachment":[{"href":"https:\/\/dalaleo.com\/it\/wp-json\/wp\/v2\/media?parent=478"}],"wp:term":[{"taxonomy":"product_brand","embeddable":true,"href":"https:\/\/dalaleo.com\/it\/wp-json\/wp\/v2\/product_brand?post=478"},{"taxonomy":"product_cat","embeddable":true,"href":"https:\/\/dalaleo.com\/it\/wp-json\/wp\/v2\/product_cat?post=478"},{"taxonomy":"product_tag","embeddable":true,"href":"https:\/\/dalaleo.com\/it\/wp-json\/wp\/v2\/product_tag?post=478"}],"curies":[{"name":"wp","href":"https:\/\/api.w.org\/{rel}","templated":true}]}}