{"id":537,"date":"2012-08-23T20:08:18","date_gmt":"2012-08-23T20:08:18","guid":{"rendered":"http:\/\/www.dalaleostore.com\/?post_type=product&#038;p=537"},"modified":"2026-02-18T17:26:10","modified_gmt":"2026-02-18T17:26:10","slug":"borsa-vania-small-catena-argento","status":"publish","type":"product","link":"https:\/\/dalaleo.com\/it\/prodotto\/borsa-vania-small-catena-argento\/","title":{"rendered":"Borsa Vania Small"},"content":{"rendered":"<p><strong>BORSA VANIA SMALL<br \/>\n<\/strong><\/p>\n<p>Borsa fatta a mano con linguette delle lattine riciclate e creata con la tecnica dell&#8217;uncinetto utilizzando filo di nylon color beige.\u00a0La forma \u00e8 rettangolare con discreta profondit\u00e0 con patta a chiusura. La lunga tracolla \u00e8 in catena metallica (nickel free).<\/p>\n<p><strong>Come si indossa:<\/strong> a spalla o a tracolla.<\/p>\n<p><strong>Il consiglio della designer:<\/strong> E&#8217; una borsetta che pu\u00f2 risolvere molteplici situazioni. E\u2019 di piccole dimensioni e quindi perfetta per la donna che non ama le borse grandi ma adatta anche per l\u2019aperitivo, una serata serata o da cerimonia.<\/p>\n<p>&nbsp;<\/p>","protected":false},"excerpt":{"rendered":"Borsa fatta a mano con linguette delle lattine riciclate e creata con la tecnica dell&#8217;uncinetto utilizzando filo di nylon color beige.\u00a0La forma \u00e8 rettangolare con discreta profondit\u00e0 con patta a chiusura. La lunga tracolla \u00e8 in catena metallica (nikelata).\r\n<div><\/div>","protected":false},"featured_media":3809,"comment_status":"open","ping_status":"closed","template":"","meta":{"_acf_changed":false},"product_brand":[],"product_cat":[176,234],"product_tag":[197],"class_list":{"0":"post-537","1":"product","2":"type-product","3":"status-publish","4":"has-post-thumbnail","6":"product_cat-borse","7":"product_cat-borse-di-piccole-dimensioni","8":"product_tag-vania-small","10":"first","11":"instock","12":"taxable","13":"shipping-taxable","14":"purchasable","15":"product-type-simple"},"acf":[],"_links":{"self":[{"href":"https:\/\/dalaleo.com\/it\/wp-json\/wp\/v2\/product\/537","targetHints":{"allow":["GET"]}}],"collection":[{"href":"https:\/\/dalaleo.com\/it\/wp-json\/wp\/v2\/product"}],"about":[{"href":"https:\/\/dalaleo.com\/it\/wp-json\/wp\/v2\/types\/product"}],"replies":[{"embeddable":true,"href":"https:\/\/dalaleo.com\/it\/wp-json\/wp\/v2\/comments?post=537"}],"wp:featuredmedia":[{"embeddable":true,"href":"https:\/\/dalaleo.com\/it\/wp-json\/wp\/v2\/media\/3809"}],"wp:attachment":[{"href":"https:\/\/dalaleo.com\/it\/wp-json\/wp\/v2\/media?parent=537"}],"wp:term":[{"taxonomy":"product_brand","embeddable":true,"href":"https:\/\/dalaleo.com\/it\/wp-json\/wp\/v2\/product_brand?post=537"},{"taxonomy":"product_cat","embeddable":true,"href":"https:\/\/dalaleo.com\/it\/wp-json\/wp\/v2\/product_cat?post=537"},{"taxonomy":"product_tag","embeddable":true,"href":"https:\/\/dalaleo.com\/it\/wp-json\/wp\/v2\/product_tag?post=537"}],"curies":[{"name":"wp","href":"https:\/\/api.w.org\/{rel}","templated":true}]}}