{"id":738,"date":"2012-09-02T10:29:30","date_gmt":"2012-09-02T10:29:30","guid":{"rendered":"http:\/\/www.dalaleostore.com\/?post_type=product&#038;p=738"},"modified":"2026-02-06T08:42:26","modified_gmt":"2026-02-06T08:42:26","slug":"collana-light-star","status":"publish","type":"product","link":"https:\/\/dalaleo.com\/it\/prodotto\/collana-light-star\/","title":{"rendered":"Collana Light Star"},"content":{"rendered":"<p>Collana realizzata a mano\u00a0con base a 4 giri di linguette delle lattine riciclate e creata con la tecnica dell&#8217;uncinetto utilizzando filo di nylon color grigio.<\/p>\n<p><strong>Come si indossa<\/strong>: girocollo.<\/p>\n<p><strong>Il consiglio della designer<\/strong>: \u00e8 un modello di grande presenza scenica, una primadonna, e come tale attirer\u00e0 l&#8217;attenzione su di s\u00e9, ma grazie alla sua leggerezza non vi accorgerete di indossarla.<\/p>\n<p>&nbsp;<\/p>","protected":false},"excerpt":{"rendered":"Collana realizzata a mano\u00a0con base a 4 giri di linguette delle lattine riciclate e creata con la tecnica dell&#8217;uncinetto utilizzando filo di nylon color grigio.","protected":false},"featured_media":3165,"comment_status":"open","ping_status":"closed","template":"","meta":{"_acf_changed":false},"product_brand":[],"product_cat":[130],"product_tag":[62],"class_list":{"0":"post-738","1":"product","2":"type-product","3":"status-publish","4":"has-post-thumbnail","6":"product_cat-collane","7":"product_tag-collana","9":"first","10":"instock","11":"taxable","12":"shipping-taxable","13":"purchasable","14":"product-type-simple"},"acf":[],"_links":{"self":[{"href":"https:\/\/dalaleo.com\/it\/wp-json\/wp\/v2\/product\/738","targetHints":{"allow":["GET"]}}],"collection":[{"href":"https:\/\/dalaleo.com\/it\/wp-json\/wp\/v2\/product"}],"about":[{"href":"https:\/\/dalaleo.com\/it\/wp-json\/wp\/v2\/types\/product"}],"replies":[{"embeddable":true,"href":"https:\/\/dalaleo.com\/it\/wp-json\/wp\/v2\/comments?post=738"}],"wp:featuredmedia":[{"embeddable":true,"href":"https:\/\/dalaleo.com\/it\/wp-json\/wp\/v2\/media\/3165"}],"wp:attachment":[{"href":"https:\/\/dalaleo.com\/it\/wp-json\/wp\/v2\/media?parent=738"}],"wp:term":[{"taxonomy":"product_brand","embeddable":true,"href":"https:\/\/dalaleo.com\/it\/wp-json\/wp\/v2\/product_brand?post=738"},{"taxonomy":"product_cat","embeddable":true,"href":"https:\/\/dalaleo.com\/it\/wp-json\/wp\/v2\/product_cat?post=738"},{"taxonomy":"product_tag","embeddable":true,"href":"https:\/\/dalaleo.com\/it\/wp-json\/wp\/v2\/product_tag?post=738"}],"curies":[{"name":"wp","href":"https:\/\/api.w.org\/{rel}","templated":true}]}}